{"id":165,"date":"2023-10-18T08:37:52","date_gmt":"2023-10-18T08:37:52","guid":{"rendered":"https:\/\/ptenturkiye.org\/wp\/?page_id=165"},"modified":"2023-12-11T09:28:32","modified_gmt":"2023-12-11T09:28:32","slug":"cocuklarda-takip-protokolu","status":"publish","type":"page","link":"https:\/\/ptenturkiye.org\/wp\/pten\/cocuklarda-takip-protokolu\/","title":{"rendered":"\u00c7ocuklarda Takip Protokol\u00fc"},"content":{"rendered":"\n\n\n<h2>\u00c7ocuklarda Takip Protokol\u00fc<\/h2>\n\n\n\n\n<p><span style=\"font-size: 16px; font-family: Calibri, Arial, Helvetica, sans-serif;\">\u00c7ocuklarda takip protokol\u00fc 2018 senesinde Ciaccio ve arkada\u015flar\u0131n\u0131n PTEN mutasyonu olan 16 \u00e7ocukta yapt\u0131klar\u0131 izlem \u00fczerine olu\u015fturulan tek protokold\u00fcr. <\/span><\/p>\n<p><span style=\"font-size: 16px; font-family: Calibri, Arial, Helvetica, sans-serif;\">Daha yeni ve do\u011fru bir protokol olu\u015fturulabilmesi i\u00e7in daha \u00e7ok \u00e7ocuk hastan\u0131n izlemi gerekmektedir. Hasta veri kay\u0131t sistemimizin en \u00f6nemli ama\u00e7lar\u0131ndan birisi de budur.&nbsp;<\/span><br><\/p>\n\n\n<p><span lang=\"TR\" style=\"font-size: 11pt; line-height: 15.693333625793457px; font-family: Calibri, sans-serif;\"><strong><u>\u0130\u015flem<\/u><\/strong><\/span><\/p>\n<span lang=\"TR\" style=\"font-size: 11pt; line-height: 15.693333625793457px; font-family: Calibri, sans-serif;\"><strong><u>S\u0131kl\u0131k<\/u><\/strong><\/span><span style=\"font-family: -webkit-standard; font-size: medium;\"><\/span><br>\n<span lang=\"TR\" style=\"font-size: 11pt; line-height: 15.693333625793457px; font-family: Calibri, sans-serif;\"><strong><u>Detaylar<\/u><\/strong><\/span><span style=\"font-family: -webkit-standard; font-size: medium;\"><\/span><br>\n\n\n<span lang=\"TR\" style=\"font-size: 11pt; line-height: 15.693333625793457px; font-family: Calibri, sans-serif;\">Genel fizik muayene<\/span><span style=\"font-family: -webkit-standard; font-size: medium;\"><\/span><br>\n<span lang=\"EN-US\" style=\"font-size: 11pt; line-height: 15.693333625793457px; font-family: Calibri, sans-serif;\">Senede 1<\/span><span style=\"font-family: -webkit-standard; font-size: medium;\"><\/span><br>\n<span lang=\"EN-US\" style=\"font-size: 11pt; line-height: 15.693333625793457px; font-family: Calibri, sans-serif;\">\u00d6zellikle deri, mukozal dokular ve tiroide dikkat edilmesi<\/span><span style=\"font-family: -webkit-standard; font-size: medium;\"><\/span><br>\n\n\n<span lang=\"TR\" style=\"font-size: 11pt; line-height: 15.693333625793457px; font-family: Calibri, sans-serif;\">Tiroid ultrasonu<\/span><span style=\"font-family: -webkit-standard; font-size: medium;\"><\/span><br>\n<span lang=\"EN-US\" style=\"font-size: 11pt; line-height: 15.693333625793457px; font-family: Calibri, sans-serif;\">Senede 1<\/span><span style=\"font-family: -webkit-standard; font-size: medium;\"><\/span><br>\n<br>\n\n\n<span lang=\"TR\" style=\"font-size: 11pt; line-height: 15.693333625793457px; font-family: Calibri, sans-serif;\">Bat\u0131n ultrasonu&nbsp;<\/span><span style=\"font-family: -webkit-standard; font-size: medium;\"><\/span><br>\n<span lang=\"EN-US\" style=\"font-size: 11pt; line-height: 15.693333625793457px; font-family: Calibri, sans-serif;\">Senede 1<\/span><span style=\"font-family: -webkit-standard; font-size: medium;\"><\/span><br>\n<span lang=\"EN-US\" style=\"font-size: 11pt; line-height: 15.693333625793457px; font-family: Calibri, sans-serif;\">Viseral hamartom ve b\u00f6brek kitlelerinin d\u0131\u015flanmas\u0131<\/span><span style=\"font-family: -webkit-standard; font-size: medium;\"><\/span><br>\n\n\n<span lang=\"TR\" style=\"font-size: 11pt; line-height: 15.693333625793457px; font-family: Calibri, sans-serif;\">Gaytada gizli kan<\/span><span style=\"font-family: -webkit-standard; font-size: medium;\"><\/span><br>\n<span lang=\"EN-US\" style=\"font-size: 11pt; line-height: 15.693333625793457px; font-family: Calibri, sans-serif;\">Senede 1<\/span><span style=\"font-family: -webkit-standard; font-size: medium;\"><\/span><br>\n<span lang=\"EN-US\" style=\"font-size: 11pt; line-height: 15.693333625793457px; font-family: Calibri, sans-serif;\">Pozitif ise kolonoskopi yap\u0131lmas\u0131<\/span><span style=\"font-family: -webkit-standard; font-size: medium;\"><\/span><br>\n\n\n<span lang=\"TR\" style=\"font-size: 11pt; line-height: 15.693333625793457px; font-family: Calibri, sans-serif;\">Cilt muayenesi<\/span><span style=\"font-family: -webkit-standard; font-size: medium;\"><\/span><br>\n<span lang=\"EN-US\" style=\"font-size: 11pt; line-height: 15.693333625793457px; font-family: Calibri, sans-serif;\">Senede 1<\/span><span style=\"font-family: -webkit-standard; font-size: medium;\"><\/span><br>\n<span lang=\"EN-US\" style=\"font-size: 11pt; line-height: 15.693333625793457px; font-family: Calibri, sans-serif;\">Hamartom varsa yumu\u015fak doku ultrasonu yap\u0131lmas\u0131, daha sonra gerektik\u00e7e<\/span><span style=\"font-family: -webkit-standard; font-size: medium;\"><\/span><br>\n\n\n<span lang=\"EN-US\" style=\"font-size: 11pt; line-height: 15.693333625793457px; font-family: Calibri, sans-serif;\">N\u00f6rogeli\u015fim muayenesi<\/span><span style=\"font-family: -webkit-standard; font-size: medium;\"><\/span><br>\n<span lang=\"EN-US\" style=\"font-size: 11pt; line-height: 15.693333625793457px; font-family: Calibri, sans-serif;\">Te\u015fhis s\u0131ras\u0131nda, daha sonra gerektik\u00e7e<\/span><span style=\"font-family: -webkit-standard; font-size: medium;\"><\/span><br>\n<span lang=\"EN-US\" style=\"font-size: 11pt; line-height: 15.693333625793457px; font-family: Calibri, sans-serif;\">\u0130lkokula ba\u015flamadan \u00f6nce tamamlay\u0131c\u0131 bir muayene gerekli<\/span><span style=\"font-family: -webkit-standard; font-size: medium;\"><\/span><br>\n\n\n<span lang=\"TR\" style=\"font-size: 11pt; line-height: 15.693333625793457px; font-family: Calibri, sans-serif;\">Beyin MR<\/span><span style=\"font-family: -webkit-standard; font-size: medium;\"><\/span><br>\n<span lang=\"EN-US\" style=\"font-size: 11pt; line-height: 15.693333625793457px; font-family: Calibri, sans-serif;\">Te\u015fhis s\u0131ras\u0131nda, daha sonra gerektik\u00e7e<\/span><span style=\"font-family: -webkit-standard; font-size: medium;\"><\/span><br>\n<span lang=\"EN-US\" style=\"font-size: 11pt; line-height: 15.693333625793457px; font-family: Calibri, sans-serif;\">Chiari I anomalilerinin d\u0131\u015flanmas\u0131<\/span><span style=\"font-family: -webkit-standard; font-size: medium;\"><\/span><br>\n\n\n<span lang=\"TR\" style=\"font-size: 11pt; line-height: 15.693333625793457px; font-family: Calibri, sans-serif;\">Ekokardiyografi<\/span><span style=\"font-family: -webkit-standard; font-size: medium;\"><\/span><br>\n<span lang=\"EN-US\" style=\"font-size: 11pt; line-height: 15.693333625793457px; font-family: Calibri, sans-serif;\">Te\u015fhis s\u0131ras\u0131nda, daha sonra gerektik\u00e7e<\/span><span style=\"font-family: -webkit-standard; font-size: medium;\"><\/span><br>\n<br>\n\n\n<p><span lang=\"EN-US\" style=\"font-size: 11pt; line-height: 15.693333625793457px; font-family: Calibri, sans-serif;\">Ciaccio ve ark.&nbsp; doi: <a href=\"https:\/\/doi.org\/10.1016\/j.ejmg.2018.12.001\">10.1016\/j.ejmg.2018.12.001<\/a><\/span><\/p>\n\n\n","protected":false},"excerpt":{"rendered":"","protected":false},"author":1,"featured_media":0,"parent":21,"menu_order":0,"comment_status":"closed","ping_status":"closed","template":"","meta":{"footnotes":""},"class_list":["post-165","page","type-page","status-publish","hentry"],"_links":{"self":[{"href":"https:\/\/ptenturkiye.org\/wp\/wp-json\/wp\/v2\/pages\/165","targetHints":{"allow":["GET"]}}],"collection":[{"href":"https:\/\/ptenturkiye.org\/wp\/wp-json\/wp\/v2\/pages"}],"about":[{"href":"https:\/\/ptenturkiye.org\/wp\/wp-json\/wp\/v2\/types\/page"}],"author":[{"embeddable":true,"href":"https:\/\/ptenturkiye.org\/wp\/wp-json\/wp\/v2\/users\/1"}],"replies":[{"embeddable":true,"href":"https:\/\/ptenturkiye.org\/wp\/wp-json\/wp\/v2\/comments?post=165"}],"version-history":[{"count":7,"href":"https:\/\/ptenturkiye.org\/wp\/wp-json\/wp\/v2\/pages\/165\/revisions"}],"predecessor-version":[{"id":194,"href":"https:\/\/ptenturkiye.org\/wp\/wp-json\/wp\/v2\/pages\/165\/revisions\/194"}],"up":[{"embeddable":true,"href":"https:\/\/ptenturkiye.org\/wp\/wp-json\/wp\/v2\/pages\/21"}],"wp:attachment":[{"href":"https:\/\/ptenturkiye.org\/wp\/wp-json\/wp\/v2\/media?parent=165"}],"curies":[{"name":"wp","href":"https:\/\/api.w.org\/{rel}","templated":true}]}}